{"id":42,"date":"2021-02-20T11:04:18","date_gmt":"2021-02-20T10:04:18","guid":{"rendered":"http:\/\/btp.cabinet-comptable.com\/?page_id=42"},"modified":"2021-02-21T11:20:08","modified_gmt":"2021-02-21T10:20:08","slug":"audit-et-evaluation","status":"publish","type":"page","link":"https:\/\/btp.cabinet-comptable.com\/index.php\/audit-et-evaluation\/","title":{"rendered":"Audit et \u00e9valuation"},"content":{"rendered":"\n<p>Notre cabinet d\u00e9tient des comp\u00e9tences \u00e0 la fois en expertise comptable mais \u00e9galement en audit l\u00e9gal (commissariat aux comptes) ou contractuel.<\/p>\n\n\n\n<p>Commissaires aux comptes et experts-comptables de soci\u00e9t\u00e9s du b\u00e2timent ou des travaux publics, nous sommes exp\u00e9riment\u00e9s pour vous assister dans le rachat d\u2019une soci\u00e9t\u00e9 existante.<\/p>\n\n\n\n<p>Pr\u00e9alablement \u00e0 la concr\u00e9tisation de l\u2019achat envisag\u00e9, il est primordial d\u2019\u00e9tudier l\u2019existant. Cette d\u00e9marche en amont permettra de mettre en \u00e9vidence d\u2019\u00e9ventuelles anomalies qui pourraient g\u00e9n\u00e9rer &nbsp;des implications financi\u00e8res et juridiques.<\/p>\n\n\n\n<p>L\u2019audit pr\u00e9alable servira de support aux techniques d\u2019\u00e9valuation.<\/p>\n\n\n\n<p>Une fois cette phase initiale achev\u00e9e, il sera alors possible de poursuivre la phase de n\u00e9gociation du prix de vente \/ d\u2019achat de l\u2019affaire.<\/p>\n\n\n\n<p>Nous interviendrons en collaboration avec un avocat sp\u00e9cialis\u00e9 dans le rachat de soci\u00e9t\u00e9s du b\u00e2timent et des travaux publics. Avec votre accord, nous serons \u00e9galement en contact avec votre partenaire financier, banquier ou courtier.<\/p>\n\n\n\n<p>Cette approche multi-professionnelle, \u00e0 laquelle vous serez naturellement partie prenante, r\u00e9duira les risques inh\u00e9rents \u00e0 un rachat et vous fournira une connaissance compl\u00e8te de la soci\u00e9t\u00e9 cible.<\/p>\n\n\n\n<p>Les diff\u00e9rentes facettes de l&rsquo;entreprise cible seront \u00e9tudi\u00e9es : les contrats commerciaux, les contrats avec les salari\u00e9s et les sous-traitants, la comptabilit\u00e9 et les comptes annuels,  le volet social (bulletins de payes, d\u00e9clarations sociales&#8230;), le volet fiscal (d\u00e9clarations annuelles), le dossier juridique d&rsquo;approbation des comptes.. Nous porterons un regard attentif, avec vous, sur les retenues de garantie et sur l&rsquo;avancement des chantiers; ce dernier sujet est primordial car il impacte les fonds propres de la soci\u00e9t\u00e9 et la rentabilit\u00e9 affich\u00e9e.<\/p>\n\n\n\n<p>En d\u00e9finitive, nous aborderons de tr\u00e8s nombreux sujets afin de r\u00e9duire les risques inh\u00e9rents \u00e0 l&rsquo;op\u00e9ration de rachat. Des clauses de garantie d&rsquo;actif et de passif seront \u00e9galement envisag\u00e9es et int\u00e9gr\u00e9es \u00e0 l&rsquo;acte d&rsquo;achat de la soci\u00e9t\u00e9 cible.<\/p>\n","protected":false},"excerpt":{"rendered":"<p>Notre cabinet d\u00e9tient des comp\u00e9tences \u00e0 la fois en expertise comptable mais \u00e9galement en audit l\u00e9gal (commissariat aux comptes) ou contractuel. Commissaires aux comptes et experts-comptables de soci\u00e9t\u00e9s du b\u00e2timent ou des travaux publics, nous sommes exp\u00e9riment\u00e9s pour vous assister dans le rachat d\u2019une soci\u00e9t\u00e9 existante. Pr\u00e9alablement \u00e0 la concr\u00e9tisation de l\u2019achat envisag\u00e9, il est &hellip; <\/p>\n<p class=\"link-more\"><a href=\"https:\/\/btp.cabinet-comptable.com\/index.php\/audit-et-evaluation\/\" class=\"more-link\">Continuer la lecture<span class=\"screen-reader-text\"> de &laquo;&nbsp;Audit et \u00e9valuation&nbsp;&raquo;<\/span><\/a><\/p>\n","protected":false},"author":1,"featured_media":125,"parent":0,"menu_order":0,"comment_status":"closed","ping_status":"closed","template":"","meta":{"footnotes":""},"class_list":["post-42","page","type-page","status-publish","has-post-thumbnail","hentry"],"yoast_head":"<!-- This site is optimized with the Yoast SEO plugin v27.5 - https:\/\/yoast.com\/product\/yoast-seo-wordpress\/ -->\n<title>Audit et \u00e9valuation d&#039;une soci\u00e9t\u00e9 de BTP - Cabinet comptable Paris 75013<\/title>\n<meta name=\"description\" content=\"L&#039;audit et l&#039;\u00e9valuation d&#039;une soci\u00e9t\u00e9 de BTP, \u00e9tapes pr\u00e9alables \u00e0 l&#039;achat. Cabinet d&#039;expertise comptable sp\u00e9cialis\u00e9 \u00e0 Paris 75013\" \/>\n<meta name=\"robots\" content=\"index, follow, max-snippet:-1, max-image-preview:large, max-video-preview:-1\" \/>\n<link rel=\"canonical\" href=\"https:\/\/btp.cabinet-comptable.com\/index.php\/audit-et-evaluation\/\" \/>\n<meta property=\"og:locale\" content=\"fr_FR\" \/>\n<meta property=\"og:type\" content=\"article\" \/>\n<meta property=\"og:title\" content=\"Audit et \u00e9valuation d&#039;une soci\u00e9t\u00e9 de BTP - Cabinet comptable Paris 75013\" \/>\n<meta property=\"og:description\" content=\"L&#039;audit et l&#039;\u00e9valuation d&#039;une soci\u00e9t\u00e9 de BTP, \u00e9tapes pr\u00e9alables \u00e0 l&#039;achat. Cabinet d&#039;expertise comptable sp\u00e9cialis\u00e9 \u00e0 Paris 75013\" \/>\n<meta property=\"og:url\" content=\"https:\/\/btp.cabinet-comptable.com\/index.php\/audit-et-evaluation\/\" \/>\n<meta property=\"og:site_name\" content=\"Le cabinet comptable sp\u00e9cialiste du secteur du btp\" \/>\n<meta property=\"article:modified_time\" content=\"2021-02-21T10:20:08+00:00\" \/>\n<meta property=\"og:image\" content=\"https:\/\/btp.cabinet-comptable.com\/wp-content\/uploads\/2021\/02\/audit-cabinet-comptable.jpg\" \/>\n\t<meta property=\"og:image:width\" content=\"225\" \/>\n\t<meta property=\"og:image:height\" content=\"225\" \/>\n\t<meta property=\"og:image:type\" content=\"image\/jpeg\" \/>\n<meta name=\"twitter:card\" content=\"summary_large_image\" \/>\n<meta name=\"twitter:label1\" content=\"Dur\u00e9e de lecture estim\u00e9e\" \/>\n\t<meta name=\"twitter:data1\" content=\"2 minutes\" \/>\n<script type=\"application\/ld+json\" class=\"yoast-schema-graph\">{\"@context\":\"https:\\\/\\\/schema.org\",\"@graph\":[{\"@type\":\"WebPage\",\"@id\":\"https:\\\/\\\/btp.cabinet-comptable.com\\\/index.php\\\/audit-et-evaluation\\\/\",\"url\":\"https:\\\/\\\/btp.cabinet-comptable.com\\\/index.php\\\/audit-et-evaluation\\\/\",\"name\":\"Audit et \u00e9valuation d'une soci\u00e9t\u00e9 de BTP - Cabinet comptable Paris 75013\",\"isPartOf\":{\"@id\":\"https:\\\/\\\/btp.cabinet-comptable.com\\\/#website\"},\"primaryImageOfPage\":{\"@id\":\"https:\\\/\\\/btp.cabinet-comptable.com\\\/index.php\\\/audit-et-evaluation\\\/#primaryimage\"},\"image\":{\"@id\":\"https:\\\/\\\/btp.cabinet-comptable.com\\\/index.php\\\/audit-et-evaluation\\\/#primaryimage\"},\"thumbnailUrl\":\"https:\\\/\\\/btp.cabinet-comptable.com\\\/wp-content\\\/uploads\\\/2021\\\/02\\\/audit-cabinet-comptable.jpg\",\"datePublished\":\"2021-02-20T10:04:18+00:00\",\"dateModified\":\"2021-02-21T10:20:08+00:00\",\"description\":\"L'audit et l'\u00e9valuation d'une soci\u00e9t\u00e9 de BTP, \u00e9tapes pr\u00e9alables \u00e0 l'achat. Cabinet d'expertise comptable sp\u00e9cialis\u00e9 \u00e0 Paris 75013\",\"inLanguage\":\"fr-FR\",\"potentialAction\":[{\"@type\":\"ReadAction\",\"target\":[\"https:\\\/\\\/btp.cabinet-comptable.com\\\/index.php\\\/audit-et-evaluation\\\/\"]}]},{\"@type\":\"ImageObject\",\"inLanguage\":\"fr-FR\",\"@id\":\"https:\\\/\\\/btp.cabinet-comptable.com\\\/index.php\\\/audit-et-evaluation\\\/#primaryimage\",\"url\":\"https:\\\/\\\/btp.cabinet-comptable.com\\\/wp-content\\\/uploads\\\/2021\\\/02\\\/audit-cabinet-comptable.jpg\",\"contentUrl\":\"https:\\\/\\\/btp.cabinet-comptable.com\\\/wp-content\\\/uploads\\\/2021\\\/02\\\/audit-cabinet-comptable.jpg\",\"width\":225,\"height\":225,\"caption\":\"audit entreprise de btp par un cabinet d'expertise comptable sp\u00e9cialis\u00e9 \u00e0 Paris 75013\"},{\"@type\":\"WebSite\",\"@id\":\"https:\\\/\\\/btp.cabinet-comptable.com\\\/#website\",\"url\":\"https:\\\/\\\/btp.cabinet-comptable.com\\\/\",\"name\":\"Le cabinet comptable sp\u00e9cialiste du secteur du btp\",\"description\":\"Un expert-comptable r\u00e9actif et \u00e0 vos c\u00f4t\u00e9s\",\"publisher\":{\"@id\":\"https:\\\/\\\/btp.cabinet-comptable.com\\\/#organization\"},\"potentialAction\":[{\"@type\":\"SearchAction\",\"target\":{\"@type\":\"EntryPoint\",\"urlTemplate\":\"https:\\\/\\\/btp.cabinet-comptable.com\\\/?s={search_term_string}\"},\"query-input\":{\"@type\":\"PropertyValueSpecification\",\"valueRequired\":true,\"valueName\":\"search_term_string\"}}],\"inLanguage\":\"fr-FR\"},{\"@type\":\"Organization\",\"@id\":\"https:\\\/\\\/btp.cabinet-comptable.com\\\/#organization\",\"name\":\"Le cabinet comptable sp\u00e9cialiste du secteur du btp\",\"url\":\"https:\\\/\\\/btp.cabinet-comptable.com\\\/\",\"logo\":{\"@type\":\"ImageObject\",\"inLanguage\":\"fr-FR\",\"@id\":\"https:\\\/\\\/btp.cabinet-comptable.com\\\/#\\\/schema\\\/logo\\\/image\\\/\",\"url\":\"https:\\\/\\\/btp.cabinet-comptable.com\\\/wp-content\\\/uploads\\\/2021\\\/02\\\/cropped-cropped-cropped-2AEC_logo_carry-lanczos3.jpg\",\"contentUrl\":\"https:\\\/\\\/btp.cabinet-comptable.com\\\/wp-content\\\/uploads\\\/2021\\\/02\\\/cropped-cropped-cropped-2AEC_logo_carry-lanczos3.jpg\",\"width\":250,\"height\":250,\"caption\":\"Le cabinet comptable sp\u00e9cialiste du secteur du btp\"},\"image\":{\"@id\":\"https:\\\/\\\/btp.cabinet-comptable.com\\\/#\\\/schema\\\/logo\\\/image\\\/\"}}]}<\/script>\n<!-- \/ Yoast SEO plugin. -->","yoast_head_json":{"title":"Audit et \u00e9valuation d'une soci\u00e9t\u00e9 de BTP - Cabinet comptable Paris 75013","description":"L'audit et l'\u00e9valuation d'une soci\u00e9t\u00e9 de BTP, \u00e9tapes pr\u00e9alables \u00e0 l'achat. Cabinet d'expertise comptable sp\u00e9cialis\u00e9 \u00e0 Paris 75013","robots":{"index":"index","follow":"follow","max-snippet":"max-snippet:-1","max-image-preview":"max-image-preview:large","max-video-preview":"max-video-preview:-1"},"canonical":"https:\/\/btp.cabinet-comptable.com\/index.php\/audit-et-evaluation\/","og_locale":"fr_FR","og_type":"article","og_title":"Audit et \u00e9valuation d'une soci\u00e9t\u00e9 de BTP - Cabinet comptable Paris 75013","og_description":"L'audit et l'\u00e9valuation d'une soci\u00e9t\u00e9 de BTP, \u00e9tapes pr\u00e9alables \u00e0 l'achat. Cabinet d'expertise comptable sp\u00e9cialis\u00e9 \u00e0 Paris 75013","og_url":"https:\/\/btp.cabinet-comptable.com\/index.php\/audit-et-evaluation\/","og_site_name":"Le cabinet comptable sp\u00e9cialiste du secteur du btp","article_modified_time":"2021-02-21T10:20:08+00:00","og_image":[{"width":225,"height":225,"url":"https:\/\/btp.cabinet-comptable.com\/wp-content\/uploads\/2021\/02\/audit-cabinet-comptable.jpg","type":"image\/jpeg"}],"twitter_card":"summary_large_image","twitter_misc":{"Dur\u00e9e de lecture estim\u00e9e":"2 minutes"},"schema":{"@context":"https:\/\/schema.org","@graph":[{"@type":"WebPage","@id":"https:\/\/btp.cabinet-comptable.com\/index.php\/audit-et-evaluation\/","url":"https:\/\/btp.cabinet-comptable.com\/index.php\/audit-et-evaluation\/","name":"Audit et \u00e9valuation d'une soci\u00e9t\u00e9 de BTP - Cabinet comptable Paris 75013","isPartOf":{"@id":"https:\/\/btp.cabinet-comptable.com\/#website"},"primaryImageOfPage":{"@id":"https:\/\/btp.cabinet-comptable.com\/index.php\/audit-et-evaluation\/#primaryimage"},"image":{"@id":"https:\/\/btp.cabinet-comptable.com\/index.php\/audit-et-evaluation\/#primaryimage"},"thumbnailUrl":"https:\/\/btp.cabinet-comptable.com\/wp-content\/uploads\/2021\/02\/audit-cabinet-comptable.jpg","datePublished":"2021-02-20T10:04:18+00:00","dateModified":"2021-02-21T10:20:08+00:00","description":"L'audit et l'\u00e9valuation d'une soci\u00e9t\u00e9 de BTP, \u00e9tapes pr\u00e9alables \u00e0 l'achat. Cabinet d'expertise comptable sp\u00e9cialis\u00e9 \u00e0 Paris 75013","inLanguage":"fr-FR","potentialAction":[{"@type":"ReadAction","target":["https:\/\/btp.cabinet-comptable.com\/index.php\/audit-et-evaluation\/"]}]},{"@type":"ImageObject","inLanguage":"fr-FR","@id":"https:\/\/btp.cabinet-comptable.com\/index.php\/audit-et-evaluation\/#primaryimage","url":"https:\/\/btp.cabinet-comptable.com\/wp-content\/uploads\/2021\/02\/audit-cabinet-comptable.jpg","contentUrl":"https:\/\/btp.cabinet-comptable.com\/wp-content\/uploads\/2021\/02\/audit-cabinet-comptable.jpg","width":225,"height":225,"caption":"audit entreprise de btp par un cabinet d'expertise comptable sp\u00e9cialis\u00e9 \u00e0 Paris 75013"},{"@type":"WebSite","@id":"https:\/\/btp.cabinet-comptable.com\/#website","url":"https:\/\/btp.cabinet-comptable.com\/","name":"Le cabinet comptable sp\u00e9cialiste du secteur du btp","description":"Un expert-comptable r\u00e9actif et \u00e0 vos c\u00f4t\u00e9s","publisher":{"@id":"https:\/\/btp.cabinet-comptable.com\/#organization"},"potentialAction":[{"@type":"SearchAction","target":{"@type":"EntryPoint","urlTemplate":"https:\/\/btp.cabinet-comptable.com\/?s={search_term_string}"},"query-input":{"@type":"PropertyValueSpecification","valueRequired":true,"valueName":"search_term_string"}}],"inLanguage":"fr-FR"},{"@type":"Organization","@id":"https:\/\/btp.cabinet-comptable.com\/#organization","name":"Le cabinet comptable sp\u00e9cialiste du secteur du btp","url":"https:\/\/btp.cabinet-comptable.com\/","logo":{"@type":"ImageObject","inLanguage":"fr-FR","@id":"https:\/\/btp.cabinet-comptable.com\/#\/schema\/logo\/image\/","url":"https:\/\/btp.cabinet-comptable.com\/wp-content\/uploads\/2021\/02\/cropped-cropped-cropped-2AEC_logo_carry-lanczos3.jpg","contentUrl":"https:\/\/btp.cabinet-comptable.com\/wp-content\/uploads\/2021\/02\/cropped-cropped-cropped-2AEC_logo_carry-lanczos3.jpg","width":250,"height":250,"caption":"Le cabinet comptable sp\u00e9cialiste du secteur du btp"},"image":{"@id":"https:\/\/btp.cabinet-comptable.com\/#\/schema\/logo\/image\/"}}]}},"_links":{"self":[{"href":"https:\/\/btp.cabinet-comptable.com\/index.php\/wp-json\/wp\/v2\/pages\/42","targetHints":{"allow":["GET"]}}],"collection":[{"href":"https:\/\/btp.cabinet-comptable.com\/index.php\/wp-json\/wp\/v2\/pages"}],"about":[{"href":"https:\/\/btp.cabinet-comptable.com\/index.php\/wp-json\/wp\/v2\/types\/page"}],"author":[{"embeddable":true,"href":"https:\/\/btp.cabinet-comptable.com\/index.php\/wp-json\/wp\/v2\/users\/1"}],"replies":[{"embeddable":true,"href":"https:\/\/btp.cabinet-comptable.com\/index.php\/wp-json\/wp\/v2\/comments?post=42"}],"version-history":[{"count":8,"href":"https:\/\/btp.cabinet-comptable.com\/index.php\/wp-json\/wp\/v2\/pages\/42\/revisions"}],"predecessor-version":[{"id":185,"href":"https:\/\/btp.cabinet-comptable.com\/index.php\/wp-json\/wp\/v2\/pages\/42\/revisions\/185"}],"wp:featuredmedia":[{"embeddable":true,"href":"https:\/\/btp.cabinet-comptable.com\/index.php\/wp-json\/wp\/v2\/media\/125"}],"wp:attachment":[{"href":"https:\/\/btp.cabinet-comptable.com\/index.php\/wp-json\/wp\/v2\/media?parent=42"}],"curies":[{"name":"wp","href":"https:\/\/api.w.org\/{rel}","templated":true}]}}