{"id":36,"date":"2021-02-20T11:03:11","date_gmt":"2021-02-20T10:03:11","guid":{"rendered":"http:\/\/btp.cabinet-comptable.com\/?page_id=36"},"modified":"2021-03-02T08:47:41","modified_gmt":"2021-03-02T07:47:41","slug":"specificites-sociales-convention-collective-caisse","status":"publish","type":"page","link":"https:\/\/btp.cabinet-comptable.com\/index.php\/specificites-sociales-convention-collective-caisse\/","title":{"rendered":"Sp\u00e9cificit\u00e9s sociales"},"content":{"rendered":"\n<p class=\"has-vivid-cyan-blue-color has-text-color\"><strong>Conventions collectives applicables au secteur du B\u00e2timent et des Travaux Publics <\/strong><\/p>\n\n\n\n<p>Diff\u00e9rentes conventions collectives nationales r\u00e9gissent les salari\u00e9s du BTP, en fonction de la taille de l\u2019entreprise et\/ou du statut des employ\u00e9s :<\/p>\n\n\n\n<ul class=\"wp-block-list\"><li>Convention collective nationale des ouvriers des entreprises de b\u00e2timent occupant jusqu\u2019\u00e0 10 salari\u00e9s du 8 octobre 1990 \u00e9tendue par arr\u00eat\u00e9 du 12 f\u00e9vrier 1991 (brochure JO : 3193). <\/li><\/ul>\n\n\n\n<ul class=\"wp-block-list\"><li>Convention collective nationale des ouvriers des entreprises de b\u00e2timent de plus de 10 salari\u00e9s du 8 octobre 1990 \u00e9tendue par arr\u00eat\u00e9 du 8 f\u00e9vrier 1991 (brochure JO : 3258).<\/li><\/ul>\n\n\n\n<ul class=\"wp-block-list\"><li>Convention collective nationale des employ\u00e9s, techniciens et agents de ma\u00eetrise (ETAM) du b\u00e2timent du 12 juillet 2006 \u00e9tendue par arr\u00eat\u00e9 du 5 juin 2007 (brochure JO : 3002). <\/li><\/ul>\n\n\n\n<ul class=\"wp-block-list\"><li>Convention collective nationale des ing\u00e9nieurs, assimil\u00e9s et cadres du b\u00e2timent du 1er juin 2004 non \u00e9tendue (brochure JO : 3322).<\/li><\/ul>\n\n\n\n<p>Les conventions pr\u00e9cit\u00e9es sont compl\u00e9t\u00e9es par des accords nationaux et r\u00e9gionaux :<\/p>\n\n\n\n<ul class=\"wp-block-list\"><li>Convention collective nationale des ouvriers des travaux publics du 15 d\u00e9cembre 1992 \u00e9tendue par arr\u00eat\u00e9 du 27 mai 1993 (brochure JO : 3005T2). <\/li><\/ul>\n\n\n\n<ul class=\"wp-block-list\"><li>Convention collective nationale des employ\u00e9s, techniciens et agents de ma\u00eetrise (ETAM) des travaux publics du 12 juillet 2006 \u00e9tendue par arr\u00eat\u00e9 du 15 juin 2007 (brochure JO : 3005).<\/li><\/ul>\n\n\n\n<ul class=\"wp-block-list\"><li>Convention collective nationale des cadres des travaux publics du 20 novembre 2015 non \u00e9tendue (brochure JO : 3005T4).<\/li><\/ul>\n\n\n\n<hr class=\"wp-block-separator\"\/>\n\n\n\n<p class=\"has-vivid-cyan-blue-color has-text-color\"><strong>Caisse des cong\u00e9s pay\u00e9s du B\u00e2timent et des Travaux Publics<\/strong><\/p>\n\n\n\n<p>Dans le secteur du b\u00e2timent et des travaux publics, l\u2019affiliation de l\u2019employeur \u00e0 une <a href=\"https:\/\/www.cibtp.fr\/missions-et-metiers\/la-gestion-des-conges-payes\">caisse de cong\u00e9s pay\u00e9s<\/a> est obligatoire. Ce dispositif ermet de mutualiser les droits \u00e0 cong\u00e9s pay\u00e9s acquis chez diff\u00e9rents employeurs,  afin que les salari\u00e9s de ces professions puissent effectivement exercer leur droit \u00e0 cong\u00e9s pay\u00e9s. En pratique, c\u2019est la caisse de cong\u00e9s pay\u00e9s, et non l\u2019employeur, qui verse l\u2019indemnit\u00e9 de cong\u00e9s pay\u00e9s au salari\u00e9 lorsque celui-ci prend ses cong\u00e9s. En contrepartie, l\u2019employeur verse une cotisation \u00e0 la<br>caisse de cong\u00e9s pay\u00e9s, dont le montant est d\u00e9fini par celle-ci. L\u2019employeur doit \u00e9galement d\u00e9livrer au salari\u00e9 une attestation afin que ce dernier puisse justifier aupr\u00e8s de la caisse de son droit \u00e0 cong\u00e9s pay\u00e9s.<\/p>\n","protected":false},"excerpt":{"rendered":"<p>Conventions collectives applicables au secteur du B\u00e2timent et des Travaux Publics Diff\u00e9rentes conventions collectives nationales r\u00e9gissent les salari\u00e9s du BTP, en fonction de la taille de l\u2019entreprise et\/ou du statut des employ\u00e9s : Convention collective nationale des ouvriers des entreprises de b\u00e2timent occupant jusqu\u2019\u00e0 10 salari\u00e9s du 8 octobre 1990 \u00e9tendue par arr\u00eat\u00e9 du 12 &hellip; <\/p>\n<p class=\"link-more\"><a href=\"https:\/\/btp.cabinet-comptable.com\/index.php\/specificites-sociales-convention-collective-caisse\/\" class=\"more-link\">Continuer la lecture<span class=\"screen-reader-text\"> de &laquo;&nbsp;Sp\u00e9cificit\u00e9s sociales&nbsp;&raquo;<\/span><\/a><\/p>\n","protected":false},"author":1,"featured_media":120,"parent":0,"menu_order":0,"comment_status":"open","ping_status":"closed","template":"","meta":{"footnotes":""},"class_list":["post-36","page","type-page","status-publish","has-post-thumbnail","hentry"],"yoast_head":"<!-- This site is optimized with the Yoast SEO plugin v27.5 - https:\/\/yoast.com\/product\/yoast-seo-wordpress\/ -->\n<title>Sp\u00e9cificit\u00e9s sociales entreprises du BTP : convention collective<\/title>\n<meta name=\"description\" content=\"Sp\u00e9cificit\u00e9s sociales des entreprises du BTP b\u00e2timent et travaux publics - Convention collective - Caisse des cong\u00e9s pay\u00e9s\" \/>\n<meta name=\"robots\" content=\"index, follow, max-snippet:-1, max-image-preview:large, max-video-preview:-1\" \/>\n<link rel=\"canonical\" href=\"https:\/\/btp.cabinet-comptable.com\/index.php\/specificites-sociales-convention-collective-caisse\/\" \/>\n<meta property=\"og:locale\" content=\"fr_FR\" \/>\n<meta property=\"og:type\" content=\"article\" \/>\n<meta property=\"og:title\" content=\"Sp\u00e9cificit\u00e9s sociales entreprises du BTP : convention collective\" \/>\n<meta property=\"og:description\" content=\"Sp\u00e9cificit\u00e9s sociales des entreprises du BTP b\u00e2timent et travaux publics - Convention collective - Caisse des cong\u00e9s pay\u00e9s\" \/>\n<meta property=\"og:url\" content=\"https:\/\/btp.cabinet-comptable.com\/index.php\/specificites-sociales-convention-collective-caisse\/\" \/>\n<meta property=\"og:site_name\" content=\"Le cabinet comptable sp\u00e9cialiste du secteur du btp\" \/>\n<meta property=\"article:modified_time\" content=\"2021-03-02T07:47:41+00:00\" \/>\n<meta property=\"og:image\" content=\"https:\/\/btp.cabinet-comptable.com\/wp-content\/uploads\/2021\/02\/convention-collective-batiment-travaux-publics.jpg\" \/>\n\t<meta property=\"og:image:width\" content=\"188\" \/>\n\t<meta property=\"og:image:height\" content=\"268\" \/>\n\t<meta property=\"og:image:type\" content=\"image\/jpeg\" \/>\n<meta name=\"twitter:card\" content=\"summary_large_image\" \/>\n<meta name=\"twitter:label1\" content=\"Dur\u00e9e de lecture estim\u00e9e\" \/>\n\t<meta name=\"twitter:data1\" content=\"2 minutes\" \/>\n<script type=\"application\/ld+json\" class=\"yoast-schema-graph\">{\"@context\":\"https:\\\/\\\/schema.org\",\"@graph\":[{\"@type\":\"WebPage\",\"@id\":\"https:\\\/\\\/btp.cabinet-comptable.com\\\/index.php\\\/specificites-sociales-convention-collective-caisse\\\/\",\"url\":\"https:\\\/\\\/btp.cabinet-comptable.com\\\/index.php\\\/specificites-sociales-convention-collective-caisse\\\/\",\"name\":\"Sp\u00e9cificit\u00e9s sociales entreprises du BTP : convention collective\",\"isPartOf\":{\"@id\":\"https:\\\/\\\/btp.cabinet-comptable.com\\\/#website\"},\"primaryImageOfPage\":{\"@id\":\"https:\\\/\\\/btp.cabinet-comptable.com\\\/index.php\\\/specificites-sociales-convention-collective-caisse\\\/#primaryimage\"},\"image\":{\"@id\":\"https:\\\/\\\/btp.cabinet-comptable.com\\\/index.php\\\/specificites-sociales-convention-collective-caisse\\\/#primaryimage\"},\"thumbnailUrl\":\"https:\\\/\\\/btp.cabinet-comptable.com\\\/wp-content\\\/uploads\\\/2021\\\/02\\\/convention-collective-batiment-travaux-publics.jpg\",\"datePublished\":\"2021-02-20T10:03:11+00:00\",\"dateModified\":\"2021-03-02T07:47:41+00:00\",\"description\":\"Sp\u00e9cificit\u00e9s sociales des entreprises du BTP b\u00e2timent et travaux publics - Convention collective - Caisse des cong\u00e9s pay\u00e9s\",\"inLanguage\":\"fr-FR\",\"potentialAction\":[{\"@type\":\"ReadAction\",\"target\":[\"https:\\\/\\\/btp.cabinet-comptable.com\\\/index.php\\\/specificites-sociales-convention-collective-caisse\\\/\"]}]},{\"@type\":\"ImageObject\",\"inLanguage\":\"fr-FR\",\"@id\":\"https:\\\/\\\/btp.cabinet-comptable.com\\\/index.php\\\/specificites-sociales-convention-collective-caisse\\\/#primaryimage\",\"url\":\"https:\\\/\\\/btp.cabinet-comptable.com\\\/wp-content\\\/uploads\\\/2021\\\/02\\\/convention-collective-batiment-travaux-publics.jpg\",\"contentUrl\":\"https:\\\/\\\/btp.cabinet-comptable.com\\\/wp-content\\\/uploads\\\/2021\\\/02\\\/convention-collective-batiment-travaux-publics.jpg\",\"width\":188,\"height\":268,\"caption\":\"btp convention collective cabinet expert comptable paris 75013\"},{\"@type\":\"WebSite\",\"@id\":\"https:\\\/\\\/btp.cabinet-comptable.com\\\/#website\",\"url\":\"https:\\\/\\\/btp.cabinet-comptable.com\\\/\",\"name\":\"Le cabinet comptable sp\u00e9cialiste du secteur du btp\",\"description\":\"Un expert-comptable r\u00e9actif et \u00e0 vos c\u00f4t\u00e9s\",\"publisher\":{\"@id\":\"https:\\\/\\\/btp.cabinet-comptable.com\\\/#organization\"},\"potentialAction\":[{\"@type\":\"SearchAction\",\"target\":{\"@type\":\"EntryPoint\",\"urlTemplate\":\"https:\\\/\\\/btp.cabinet-comptable.com\\\/?s={search_term_string}\"},\"query-input\":{\"@type\":\"PropertyValueSpecification\",\"valueRequired\":true,\"valueName\":\"search_term_string\"}}],\"inLanguage\":\"fr-FR\"},{\"@type\":\"Organization\",\"@id\":\"https:\\\/\\\/btp.cabinet-comptable.com\\\/#organization\",\"name\":\"Le cabinet comptable sp\u00e9cialiste du secteur du btp\",\"url\":\"https:\\\/\\\/btp.cabinet-comptable.com\\\/\",\"logo\":{\"@type\":\"ImageObject\",\"inLanguage\":\"fr-FR\",\"@id\":\"https:\\\/\\\/btp.cabinet-comptable.com\\\/#\\\/schema\\\/logo\\\/image\\\/\",\"url\":\"https:\\\/\\\/btp.cabinet-comptable.com\\\/wp-content\\\/uploads\\\/2021\\\/02\\\/cropped-cropped-cropped-2AEC_logo_carry-lanczos3.jpg\",\"contentUrl\":\"https:\\\/\\\/btp.cabinet-comptable.com\\\/wp-content\\\/uploads\\\/2021\\\/02\\\/cropped-cropped-cropped-2AEC_logo_carry-lanczos3.jpg\",\"width\":250,\"height\":250,\"caption\":\"Le cabinet comptable sp\u00e9cialiste du secteur du btp\"},\"image\":{\"@id\":\"https:\\\/\\\/btp.cabinet-comptable.com\\\/#\\\/schema\\\/logo\\\/image\\\/\"}}]}<\/script>\n<!-- \/ Yoast SEO plugin. -->","yoast_head_json":{"title":"Sp\u00e9cificit\u00e9s sociales entreprises du BTP : convention collective","description":"Sp\u00e9cificit\u00e9s sociales des entreprises du BTP b\u00e2timent et travaux publics - Convention collective - Caisse des cong\u00e9s pay\u00e9s","robots":{"index":"index","follow":"follow","max-snippet":"max-snippet:-1","max-image-preview":"max-image-preview:large","max-video-preview":"max-video-preview:-1"},"canonical":"https:\/\/btp.cabinet-comptable.com\/index.php\/specificites-sociales-convention-collective-caisse\/","og_locale":"fr_FR","og_type":"article","og_title":"Sp\u00e9cificit\u00e9s sociales entreprises du BTP : convention collective","og_description":"Sp\u00e9cificit\u00e9s sociales des entreprises du BTP b\u00e2timent et travaux publics - Convention collective - Caisse des cong\u00e9s pay\u00e9s","og_url":"https:\/\/btp.cabinet-comptable.com\/index.php\/specificites-sociales-convention-collective-caisse\/","og_site_name":"Le cabinet comptable sp\u00e9cialiste du secteur du btp","article_modified_time":"2021-03-02T07:47:41+00:00","og_image":[{"width":188,"height":268,"url":"https:\/\/btp.cabinet-comptable.com\/wp-content\/uploads\/2021\/02\/convention-collective-batiment-travaux-publics.jpg","type":"image\/jpeg"}],"twitter_card":"summary_large_image","twitter_misc":{"Dur\u00e9e de lecture estim\u00e9e":"2 minutes"},"schema":{"@context":"https:\/\/schema.org","@graph":[{"@type":"WebPage","@id":"https:\/\/btp.cabinet-comptable.com\/index.php\/specificites-sociales-convention-collective-caisse\/","url":"https:\/\/btp.cabinet-comptable.com\/index.php\/specificites-sociales-convention-collective-caisse\/","name":"Sp\u00e9cificit\u00e9s sociales entreprises du BTP : convention collective","isPartOf":{"@id":"https:\/\/btp.cabinet-comptable.com\/#website"},"primaryImageOfPage":{"@id":"https:\/\/btp.cabinet-comptable.com\/index.php\/specificites-sociales-convention-collective-caisse\/#primaryimage"},"image":{"@id":"https:\/\/btp.cabinet-comptable.com\/index.php\/specificites-sociales-convention-collective-caisse\/#primaryimage"},"thumbnailUrl":"https:\/\/btp.cabinet-comptable.com\/wp-content\/uploads\/2021\/02\/convention-collective-batiment-travaux-publics.jpg","datePublished":"2021-02-20T10:03:11+00:00","dateModified":"2021-03-02T07:47:41+00:00","description":"Sp\u00e9cificit\u00e9s sociales des entreprises du BTP b\u00e2timent et travaux publics - Convention collective - Caisse des cong\u00e9s pay\u00e9s","inLanguage":"fr-FR","potentialAction":[{"@type":"ReadAction","target":["https:\/\/btp.cabinet-comptable.com\/index.php\/specificites-sociales-convention-collective-caisse\/"]}]},{"@type":"ImageObject","inLanguage":"fr-FR","@id":"https:\/\/btp.cabinet-comptable.com\/index.php\/specificites-sociales-convention-collective-caisse\/#primaryimage","url":"https:\/\/btp.cabinet-comptable.com\/wp-content\/uploads\/2021\/02\/convention-collective-batiment-travaux-publics.jpg","contentUrl":"https:\/\/btp.cabinet-comptable.com\/wp-content\/uploads\/2021\/02\/convention-collective-batiment-travaux-publics.jpg","width":188,"height":268,"caption":"btp convention collective cabinet expert comptable paris 75013"},{"@type":"WebSite","@id":"https:\/\/btp.cabinet-comptable.com\/#website","url":"https:\/\/btp.cabinet-comptable.com\/","name":"Le cabinet comptable sp\u00e9cialiste du secteur du btp","description":"Un expert-comptable r\u00e9actif et \u00e0 vos c\u00f4t\u00e9s","publisher":{"@id":"https:\/\/btp.cabinet-comptable.com\/#organization"},"potentialAction":[{"@type":"SearchAction","target":{"@type":"EntryPoint","urlTemplate":"https:\/\/btp.cabinet-comptable.com\/?s={search_term_string}"},"query-input":{"@type":"PropertyValueSpecification","valueRequired":true,"valueName":"search_term_string"}}],"inLanguage":"fr-FR"},{"@type":"Organization","@id":"https:\/\/btp.cabinet-comptable.com\/#organization","name":"Le cabinet comptable sp\u00e9cialiste du secteur du btp","url":"https:\/\/btp.cabinet-comptable.com\/","logo":{"@type":"ImageObject","inLanguage":"fr-FR","@id":"https:\/\/btp.cabinet-comptable.com\/#\/schema\/logo\/image\/","url":"https:\/\/btp.cabinet-comptable.com\/wp-content\/uploads\/2021\/02\/cropped-cropped-cropped-2AEC_logo_carry-lanczos3.jpg","contentUrl":"https:\/\/btp.cabinet-comptable.com\/wp-content\/uploads\/2021\/02\/cropped-cropped-cropped-2AEC_logo_carry-lanczos3.jpg","width":250,"height":250,"caption":"Le cabinet comptable sp\u00e9cialiste du secteur du btp"},"image":{"@id":"https:\/\/btp.cabinet-comptable.com\/#\/schema\/logo\/image\/"}}]}},"_links":{"self":[{"href":"https:\/\/btp.cabinet-comptable.com\/index.php\/wp-json\/wp\/v2\/pages\/36","targetHints":{"allow":["GET"]}}],"collection":[{"href":"https:\/\/btp.cabinet-comptable.com\/index.php\/wp-json\/wp\/v2\/pages"}],"about":[{"href":"https:\/\/btp.cabinet-comptable.com\/index.php\/wp-json\/wp\/v2\/types\/page"}],"author":[{"embeddable":true,"href":"https:\/\/btp.cabinet-comptable.com\/index.php\/wp-json\/wp\/v2\/users\/1"}],"replies":[{"embeddable":true,"href":"https:\/\/btp.cabinet-comptable.com\/index.php\/wp-json\/wp\/v2\/comments?post=36"}],"version-history":[{"count":7,"href":"https:\/\/btp.cabinet-comptable.com\/index.php\/wp-json\/wp\/v2\/pages\/36\/revisions"}],"predecessor-version":[{"id":183,"href":"https:\/\/btp.cabinet-comptable.com\/index.php\/wp-json\/wp\/v2\/pages\/36\/revisions\/183"}],"wp:featuredmedia":[{"embeddable":true,"href":"https:\/\/btp.cabinet-comptable.com\/index.php\/wp-json\/wp\/v2\/media\/120"}],"wp:attachment":[{"href":"https:\/\/btp.cabinet-comptable.com\/index.php\/wp-json\/wp\/v2\/media?parent=36"}],"curies":[{"name":"wp","href":"https:\/\/api.w.org\/{rel}","templated":true}]}}