{"id":2,"date":"2021-02-19T17:42:10","date_gmt":"2021-02-19T16:42:10","guid":{"rendered":"http:\/\/btp.cabinet-comptable.com\/?page_id=2"},"modified":"2021-02-21T11:29:20","modified_gmt":"2021-02-21T10:29:20","slug":"expert-comptable-paris","status":"publish","type":"page","link":"https:\/\/btp.cabinet-comptable.com\/","title":{"rendered":"Le cabinet"},"content":{"rendered":"\n<p>Notre <strong>cabinet d\u2019expertise comptable,<\/strong> \u00e0 taille humaine, s\u2019est sp\u00e9cialis\u00e9 dans le secteur d\u2019activit\u00e9 du <strong>b\u00e2timent et des travaux publics<\/strong>.<\/p>\n\n\n\n<p>Nous vous assisterons d\u00e8s la constitution de votre entreprise ou au d\u00e9but de  la phase de rachat d&rsquo;une soci\u00e9t\u00e9 et serons votre partenaire privil\u00e9gi\u00e9 tout au long du d\u00e9veloppement de votre projet.<\/p>\n\n\n\n<p>Vous b\u00e9n\u00e9ficierez de conseils personnalis\u00e9s en mati\u00e8re fiscale, sociale, juridique, comptable et financi\u00e8re. Ainsi, vous optimiserez vos ressources et pourrez les affecter pleinement au d\u00e9veloppement de votre projet !<\/p>\n\n\n\n<p>D\u00e8s notre premier entretien, nous \u00e9voquerons votre situation professionnelle et personnelle conjointement afin d&rsquo;envisager les contours d&rsquo;un \u00e9ventuel projet \u00e0 moyen et long terme. Cette approche vous permettra ainsi de b\u00e9n\u00e9ficier de conseils en optimisation fiscale et financi\u00e8re, ou au moins, d&rsquo;en esquisser les contours. <strong>Il en effet pr\u00e9cieux de pouvoir anticiper !<\/strong><\/p>\n\n\n\n<figure class=\"wp-block-pullquote\"><blockquote><p>C&rsquo;est pourtant vrai, il ne suffit pas d&rsquo;\u00eatre g\u00e9nial pour r\u00e9ussir, il faut surtout anticiper, dans la vie, c&rsquo;est toujours ceux qui ont un coup d&rsquo;avance qui r\u00e9ussissent, pas les surdou\u00e9s<\/p><cite>Serge Joncour, \u00e9crivain<\/cite><\/blockquote><\/figure>\n\n\n\n<p>Nos collaborateurs chevronn\u00e9s ont acquis un savoir-faire reconnu par votre profession. Ainsi, notre cabinet saura vous guider dans les aspects les plus divers qui vous toucheront au quotidien :<\/p>\n\n\n\n<p>\u2022 <strong>volet social<\/strong> (formalit\u00e9s d\u2019embauche, veille sociale, bulletins de payes, d\u00e9clarations sociales, notamment celles de la Caisse intemp\u00e9ries BTP\u2026),<\/p>\n\n\n\n<p>\u2022 <strong>volet comptable<\/strong> : tenue et \u00e9tablissement des comptes annuels,<\/p>\n\n\n\n<p>\u2022 <strong>volet financier<\/strong> : business-plan, compte de r\u00e9sultat pr\u00e9visionnel, seuil de rentabilit\u00e9, prix de revient, accompagnement dans les d\u00e9marches de recherche de financement, mise en place de tableaux de bord personnalis\u00e9s,<\/p>\n\n\n\n<p>\u2022 <strong>volet fiscal<\/strong> : choix des r\u00e9gimes fiscaux, d\u00e9clarations fiscales, aides et cr\u00e9dits d\u2019imp\u00f4t, veille fiscale,<\/p>\n\n\n\n<p>\u2022 <strong>volet juridique<\/strong> : constitution de soci\u00e9t\u00e9s (d&rsquo;exploitation ou holding), assembl\u00e9es g\u00e9n\u00e9rales, cessions de parts sociales.<\/p>\n\n\n\n<p>Outre nos comp\u00e9tences affirm\u00e9es dans le secteur du B\u00e2timent et des TP, nous saurons vous conseiller efficacement en mati\u00e8re d\u2019optimisation fiscale et sociale. Nous serons \u00e0 vos c\u00f4t\u00e9s pour vous orienter dans vos investissements (immobiliers par exemple).<\/p>\n\n\n\n<p>Naturellement, vous pourrez consulter l\u2019expert-comptable \u00e0 votre convenance. Il sera \u00e0 votre \u00e9coute et disponible pour toute question particuli\u00e8re qui pourrait se poser.<\/p>\n\n\n\n<p><strong>Vous dirigez une soci\u00e9t\u00e9 exer\u00e7ant dans le secteur du b\u00e2timent ou des travaux publics ? Vous avez un projet de cr\u00e9ation ? N&rsquo;h\u00e9sitez pas, contactez-nous !<\/strong><\/p>\n\n\n\n<p><\/p>\n\n\n\n<h2 class=\"wp-block-heading\"><strong>Informations l\u00e9gales sur le cabinet<\/strong><\/h2>\n\n\n\n<ul class=\"wp-block-list\"><li><strong>2AEC &#8211; Actions Audit Expertise Comptable<\/strong><\/li><li>Cabinet partenaire de AB Expertise Comptable<\/li><li>Adresse : Tour Onyx \u2013 10, rue Vandrezanne \u2013 75013 Paris<\/li><li>T\u00e9l\u00e9phone : 01.44.23.24.25<\/li><li>E-mail : message @ cabinet-comptable.com<\/li><li>RCS Paris : 479 393 795<\/li><li>Soci\u00e9t\u00e9 inscrite au Tableau de l\u2019Ordre des Experts-Comptables de Paris<\/li><li>Soci\u00e9t\u00e9 inscrite \u00e0 la Compagnie des Commissaires aux comptes de Paris Ile de France<\/li><\/ul>\n\n\n\n<figure class=\"wp-block-image size-large is-resized\"><img loading=\"lazy\" decoding=\"async\" src=\"http:\/\/btp.cabinet-comptable.com\/wp-content\/uploads\/2021\/02\/logo-ordre-expert-comptable.png\" alt=\"ordre des experts-comptables Paris\" class=\"wp-image-162\" width=\"446\" height=\"95\" srcset=\"https:\/\/btp.cabinet-comptable.com\/wp-content\/uploads\/2021\/02\/logo-ordre-expert-comptable.png 650w, https:\/\/btp.cabinet-comptable.com\/wp-content\/uploads\/2021\/02\/logo-ordre-expert-comptable-300x64.png 300w\" sizes=\"auto, (max-width: 446px) 100vw, 446px\" \/><\/figure>\n\n\n\n<div class=\"wp-block-contact-form-7-contact-form-selector\">\n<div class=\"wpcf7 no-js\" id=\"wpcf7-f98-o1\" lang=\"fr-FR\" dir=\"ltr\" data-wpcf7-id=\"98\">\n<div class=\"screen-reader-response\"><p role=\"status\" aria-live=\"polite\" aria-atomic=\"true\"><\/p> <ul><\/ul><\/div>\n<form action=\"\/index.php\/wp-json\/wp\/v2\/pages\/2#wpcf7-f98-o1\" method=\"post\" class=\"wpcf7-form init\" aria-label=\"Formulaire de contact\" novalidate=\"novalidate\" data-status=\"init\">\n<fieldset class=\"hidden-fields-container\"><input type=\"hidden\" name=\"_wpcf7\" value=\"98\" \/><input type=\"hidden\" name=\"_wpcf7_version\" value=\"6.1.5\" \/><input type=\"hidden\" name=\"_wpcf7_locale\" value=\"fr_FR\" \/><input type=\"hidden\" name=\"_wpcf7_unit_tag\" value=\"wpcf7-f98-o1\" \/><input type=\"hidden\" name=\"_wpcf7_container_post\" value=\"0\" \/><input type=\"hidden\" name=\"_wpcf7_posted_data_hash\" value=\"\" \/>\n<\/fieldset>\n<p><label> Votre nom (obligatoire)<br \/>\n<span class=\"wpcf7-form-control-wrap\" data-name=\"your-name\"><input size=\"40\" maxlength=\"400\" class=\"wpcf7-form-control wpcf7-text wpcf7-validates-as-required\" aria-required=\"true\" aria-invalid=\"false\" value=\"\" type=\"text\" name=\"your-name\" \/><\/span> <\/label>\n<\/p>\n<p><label> Votre adresse de messagerie (obligatoire)<br \/>\n<span class=\"wpcf7-form-control-wrap\" data-name=\"your-email\"><input size=\"40\" maxlength=\"400\" class=\"wpcf7-form-control wpcf7-email wpcf7-validates-as-required wpcf7-text wpcf7-validates-as-email\" aria-required=\"true\" aria-invalid=\"false\" value=\"\" type=\"email\" name=\"your-email\" \/><\/span> <\/label>\n<\/p>\n<p><label> Votre num\u00e9ro de t\u00e9l\u00e9phone (obligatoire)<br \/>\n<span class=\"wpcf7-form-control-wrap\" data-name=\"your-tel\"><input size=\"40\" maxlength=\"400\" class=\"wpcf7-form-control wpcf7-text wpcf7-validates-as-required\" aria-required=\"true\" aria-invalid=\"false\" value=\"\" type=\"text\" name=\"your-tel\" \/><\/span> <\/label>\n<\/p>\n<p><label> Objet<br \/>\n<span class=\"wpcf7-form-control-wrap\" data-name=\"your-subject\"><input size=\"40\" maxlength=\"400\" class=\"wpcf7-form-control wpcf7-text\" aria-invalid=\"false\" value=\"\" type=\"text\" name=\"your-subject\" \/><\/span> <\/label>\n<\/p>\n<p><label> Votre message<br \/>\n<span class=\"wpcf7-form-control-wrap\" data-name=\"your-message\"><textarea cols=\"40\" rows=\"10\" maxlength=\"2000\" class=\"wpcf7-form-control wpcf7-textarea\" aria-invalid=\"false\" name=\"your-message\"><\/textarea><\/span> <\/label>\n<\/p>\n<p><input class=\"wpcf7-form-control wpcf7-submit has-spinner\" type=\"submit\" value=\"Envoyer\" \/>\n<\/p><div class=\"wpcf7-response-output\" aria-hidden=\"true\"><\/div>\n<\/form>\n<\/div>\n<\/div>\n","protected":false},"excerpt":{"rendered":"<p>Notre cabinet d\u2019expertise comptable, \u00e0 taille humaine, s\u2019est sp\u00e9cialis\u00e9 dans le secteur d\u2019activit\u00e9 du b\u00e2timent et des travaux publics. Nous vous assisterons d\u00e8s la constitution de votre entreprise ou au d\u00e9but de la phase de rachat d&rsquo;une soci\u00e9t\u00e9 et serons votre partenaire privil\u00e9gi\u00e9 tout au long du d\u00e9veloppement de votre projet. Vous b\u00e9n\u00e9ficierez de conseils &hellip; <\/p>\n<p class=\"link-more\"><a href=\"https:\/\/btp.cabinet-comptable.com\/\" class=\"more-link\">Continuer la lecture<span class=\"screen-reader-text\"> de &laquo;&nbsp;Le cabinet&nbsp;&raquo;<\/span><\/a><\/p>\n","protected":false},"author":1,"featured_media":0,"parent":0,"menu_order":0,"comment_status":"closed","ping_status":"open","template":"","meta":{"footnotes":""},"class_list":["post-2","page","type-page","status-publish","hentry"],"yoast_head":"<!-- This site is optimized with the Yoast SEO plugin v27.5 - https:\/\/yoast.com\/product\/yoast-seo-wordpress\/ -->\n<title>Cabinet d&#039;expertise comptable sp\u00e9cialis\u00e9 BTP \u00e0 Paris 75013<\/title>\n<meta name=\"description\" content=\"Cabinet d&#039;expertise comptable sp\u00e9cialis\u00e9 dans le secteur du BTP, b\u00e2timent et travaux publics \u00e0 Paris 75013.\" \/>\n<meta name=\"robots\" content=\"index, follow, max-snippet:-1, max-image-preview:large, max-video-preview:-1\" \/>\n<link rel=\"canonical\" href=\"https:\/\/btp.cabinet-comptable.com\/\" \/>\n<meta property=\"og:locale\" content=\"fr_FR\" \/>\n<meta property=\"og:type\" content=\"article\" \/>\n<meta property=\"og:title\" content=\"Cabinet d&#039;expertise comptable sp\u00e9cialis\u00e9 BTP \u00e0 Paris 75013\" \/>\n<meta property=\"og:description\" content=\"Cabinet d&#039;expertise comptable sp\u00e9cialis\u00e9 dans le secteur du BTP, b\u00e2timent et travaux publics \u00e0 Paris 75013.\" \/>\n<meta property=\"og:url\" content=\"https:\/\/btp.cabinet-comptable.com\/\" \/>\n<meta property=\"og:site_name\" content=\"Le cabinet comptable sp\u00e9cialiste du secteur du btp\" \/>\n<meta property=\"article:modified_time\" content=\"2021-02-21T10:29:20+00:00\" \/>\n<meta property=\"og:image\" content=\"http:\/\/btp.cabinet-comptable.com\/wp-content\/uploads\/2021\/02\/logo-ordre-expert-comptable.png\" \/>\n<meta name=\"twitter:card\" content=\"summary_large_image\" \/>\n<meta name=\"twitter:label1\" content=\"Dur\u00e9e de lecture estim\u00e9e\" \/>\n\t<meta name=\"twitter:data1\" content=\"3 minutes\" \/>\n<script type=\"application\/ld+json\" class=\"yoast-schema-graph\">{\"@context\":\"https:\\\/\\\/schema.org\",\"@graph\":[{\"@type\":\"WebPage\",\"@id\":\"https:\\\/\\\/btp.cabinet-comptable.com\\\/\",\"url\":\"https:\\\/\\\/btp.cabinet-comptable.com\\\/\",\"name\":\"Cabinet d'expertise comptable sp\u00e9cialis\u00e9 BTP \u00e0 Paris 75013\",\"isPartOf\":{\"@id\":\"https:\\\/\\\/btp.cabinet-comptable.com\\\/#website\"},\"primaryImageOfPage\":{\"@id\":\"https:\\\/\\\/btp.cabinet-comptable.com\\\/#primaryimage\"},\"image\":{\"@id\":\"https:\\\/\\\/btp.cabinet-comptable.com\\\/#primaryimage\"},\"thumbnailUrl\":\"http:\\\/\\\/btp.cabinet-comptable.com\\\/wp-content\\\/uploads\\\/2021\\\/02\\\/logo-ordre-expert-comptable.png\",\"datePublished\":\"2021-02-19T16:42:10+00:00\",\"dateModified\":\"2021-02-21T10:29:20+00:00\",\"description\":\"Cabinet d'expertise comptable sp\u00e9cialis\u00e9 dans le secteur du BTP, b\u00e2timent et travaux publics \u00e0 Paris 75013.\",\"inLanguage\":\"fr-FR\",\"potentialAction\":[{\"@type\":\"ReadAction\",\"target\":[\"https:\\\/\\\/btp.cabinet-comptable.com\\\/\"]}]},{\"@type\":\"ImageObject\",\"inLanguage\":\"fr-FR\",\"@id\":\"https:\\\/\\\/btp.cabinet-comptable.com\\\/#primaryimage\",\"url\":\"https:\\\/\\\/btp.cabinet-comptable.com\\\/wp-content\\\/uploads\\\/2021\\\/02\\\/logo-ordre-expert-comptable.png\",\"contentUrl\":\"https:\\\/\\\/btp.cabinet-comptable.com\\\/wp-content\\\/uploads\\\/2021\\\/02\\\/logo-ordre-expert-comptable.png\",\"width\":650,\"height\":138},{\"@type\":\"WebSite\",\"@id\":\"https:\\\/\\\/btp.cabinet-comptable.com\\\/#website\",\"url\":\"https:\\\/\\\/btp.cabinet-comptable.com\\\/\",\"name\":\"Le cabinet comptable sp\u00e9cialiste du secteur du btp\",\"description\":\"Un expert-comptable r\u00e9actif et \u00e0 vos c\u00f4t\u00e9s\",\"publisher\":{\"@id\":\"https:\\\/\\\/btp.cabinet-comptable.com\\\/#organization\"},\"potentialAction\":[{\"@type\":\"SearchAction\",\"target\":{\"@type\":\"EntryPoint\",\"urlTemplate\":\"https:\\\/\\\/btp.cabinet-comptable.com\\\/?s={search_term_string}\"},\"query-input\":{\"@type\":\"PropertyValueSpecification\",\"valueRequired\":true,\"valueName\":\"search_term_string\"}}],\"inLanguage\":\"fr-FR\"},{\"@type\":\"Organization\",\"@id\":\"https:\\\/\\\/btp.cabinet-comptable.com\\\/#organization\",\"name\":\"Le cabinet comptable sp\u00e9cialiste du secteur du btp\",\"url\":\"https:\\\/\\\/btp.cabinet-comptable.com\\\/\",\"logo\":{\"@type\":\"ImageObject\",\"inLanguage\":\"fr-FR\",\"@id\":\"https:\\\/\\\/btp.cabinet-comptable.com\\\/#\\\/schema\\\/logo\\\/image\\\/\",\"url\":\"https:\\\/\\\/btp.cabinet-comptable.com\\\/wp-content\\\/uploads\\\/2021\\\/02\\\/cropped-cropped-cropped-2AEC_logo_carry-lanczos3.jpg\",\"contentUrl\":\"https:\\\/\\\/btp.cabinet-comptable.com\\\/wp-content\\\/uploads\\\/2021\\\/02\\\/cropped-cropped-cropped-2AEC_logo_carry-lanczos3.jpg\",\"width\":250,\"height\":250,\"caption\":\"Le cabinet comptable sp\u00e9cialiste du secteur du btp\"},\"image\":{\"@id\":\"https:\\\/\\\/btp.cabinet-comptable.com\\\/#\\\/schema\\\/logo\\\/image\\\/\"}}]}<\/script>\n<!-- \/ Yoast SEO plugin. -->","yoast_head_json":{"title":"Cabinet d'expertise comptable sp\u00e9cialis\u00e9 BTP \u00e0 Paris 75013","description":"Cabinet d'expertise comptable sp\u00e9cialis\u00e9 dans le secteur du BTP, b\u00e2timent et travaux publics \u00e0 Paris 75013.","robots":{"index":"index","follow":"follow","max-snippet":"max-snippet:-1","max-image-preview":"max-image-preview:large","max-video-preview":"max-video-preview:-1"},"canonical":"https:\/\/btp.cabinet-comptable.com\/","og_locale":"fr_FR","og_type":"article","og_title":"Cabinet d'expertise comptable sp\u00e9cialis\u00e9 BTP \u00e0 Paris 75013","og_description":"Cabinet d'expertise comptable sp\u00e9cialis\u00e9 dans le secteur du BTP, b\u00e2timent et travaux publics \u00e0 Paris 75013.","og_url":"https:\/\/btp.cabinet-comptable.com\/","og_site_name":"Le cabinet comptable sp\u00e9cialiste du secteur du btp","article_modified_time":"2021-02-21T10:29:20+00:00","og_image":[{"url":"http:\/\/btp.cabinet-comptable.com\/wp-content\/uploads\/2021\/02\/logo-ordre-expert-comptable.png","type":"","width":"","height":""}],"twitter_card":"summary_large_image","twitter_misc":{"Dur\u00e9e de lecture estim\u00e9e":"3 minutes"},"schema":{"@context":"https:\/\/schema.org","@graph":[{"@type":"WebPage","@id":"https:\/\/btp.cabinet-comptable.com\/","url":"https:\/\/btp.cabinet-comptable.com\/","name":"Cabinet d'expertise comptable sp\u00e9cialis\u00e9 BTP \u00e0 Paris 75013","isPartOf":{"@id":"https:\/\/btp.cabinet-comptable.com\/#website"},"primaryImageOfPage":{"@id":"https:\/\/btp.cabinet-comptable.com\/#primaryimage"},"image":{"@id":"https:\/\/btp.cabinet-comptable.com\/#primaryimage"},"thumbnailUrl":"http:\/\/btp.cabinet-comptable.com\/wp-content\/uploads\/2021\/02\/logo-ordre-expert-comptable.png","datePublished":"2021-02-19T16:42:10+00:00","dateModified":"2021-02-21T10:29:20+00:00","description":"Cabinet d'expertise comptable sp\u00e9cialis\u00e9 dans le secteur du BTP, b\u00e2timent et travaux publics \u00e0 Paris 75013.","inLanguage":"fr-FR","potentialAction":[{"@type":"ReadAction","target":["https:\/\/btp.cabinet-comptable.com\/"]}]},{"@type":"ImageObject","inLanguage":"fr-FR","@id":"https:\/\/btp.cabinet-comptable.com\/#primaryimage","url":"https:\/\/btp.cabinet-comptable.com\/wp-content\/uploads\/2021\/02\/logo-ordre-expert-comptable.png","contentUrl":"https:\/\/btp.cabinet-comptable.com\/wp-content\/uploads\/2021\/02\/logo-ordre-expert-comptable.png","width":650,"height":138},{"@type":"WebSite","@id":"https:\/\/btp.cabinet-comptable.com\/#website","url":"https:\/\/btp.cabinet-comptable.com\/","name":"Le cabinet comptable sp\u00e9cialiste du secteur du btp","description":"Un expert-comptable r\u00e9actif et \u00e0 vos c\u00f4t\u00e9s","publisher":{"@id":"https:\/\/btp.cabinet-comptable.com\/#organization"},"potentialAction":[{"@type":"SearchAction","target":{"@type":"EntryPoint","urlTemplate":"https:\/\/btp.cabinet-comptable.com\/?s={search_term_string}"},"query-input":{"@type":"PropertyValueSpecification","valueRequired":true,"valueName":"search_term_string"}}],"inLanguage":"fr-FR"},{"@type":"Organization","@id":"https:\/\/btp.cabinet-comptable.com\/#organization","name":"Le cabinet comptable sp\u00e9cialiste du secteur du btp","url":"https:\/\/btp.cabinet-comptable.com\/","logo":{"@type":"ImageObject","inLanguage":"fr-FR","@id":"https:\/\/btp.cabinet-comptable.com\/#\/schema\/logo\/image\/","url":"https:\/\/btp.cabinet-comptable.com\/wp-content\/uploads\/2021\/02\/cropped-cropped-cropped-2AEC_logo_carry-lanczos3.jpg","contentUrl":"https:\/\/btp.cabinet-comptable.com\/wp-content\/uploads\/2021\/02\/cropped-cropped-cropped-2AEC_logo_carry-lanczos3.jpg","width":250,"height":250,"caption":"Le cabinet comptable sp\u00e9cialiste du secteur du btp"},"image":{"@id":"https:\/\/btp.cabinet-comptable.com\/#\/schema\/logo\/image\/"}}]}},"_links":{"self":[{"href":"https:\/\/btp.cabinet-comptable.com\/index.php\/wp-json\/wp\/v2\/pages\/2","targetHints":{"allow":["GET"]}}],"collection":[{"href":"https:\/\/btp.cabinet-comptable.com\/index.php\/wp-json\/wp\/v2\/pages"}],"about":[{"href":"https:\/\/btp.cabinet-comptable.com\/index.php\/wp-json\/wp\/v2\/types\/page"}],"author":[{"embeddable":true,"href":"https:\/\/btp.cabinet-comptable.com\/index.php\/wp-json\/wp\/v2\/users\/1"}],"replies":[{"embeddable":true,"href":"https:\/\/btp.cabinet-comptable.com\/index.php\/wp-json\/wp\/v2\/comments?post=2"}],"version-history":[{"count":18,"href":"https:\/\/btp.cabinet-comptable.com\/index.php\/wp-json\/wp\/v2\/pages\/2\/revisions"}],"predecessor-version":[{"id":189,"href":"https:\/\/btp.cabinet-comptable.com\/index.php\/wp-json\/wp\/v2\/pages\/2\/revisions\/189"}],"wp:attachment":[{"href":"https:\/\/btp.cabinet-comptable.com\/index.php\/wp-json\/wp\/v2\/media?parent=2"}],"curies":[{"name":"wp","href":"https:\/\/api.w.org\/{rel}","templated":true}]}}